{"id":684,"date":"2021-11-01T16:51:30","date_gmt":"2021-11-01T13:51:30","guid":{"rendered":"https:\/\/www.merkaygrup.com.tr\/?post_type=product&#038;p=684"},"modified":"2021-11-01T16:51:30","modified_gmt":"2021-11-01T13:51:30","slug":"flakefest-beyaz-krema-dolgulu-citir-tahil-gevregi-250-gr","status":"publish","type":"product","link":"https:\/\/merkaygrup.com.tr\/en\/urun\/flakefest-beyaz-krema-dolgulu-citir-tahil-gevregi-250-gr\/","title":{"rendered":"Flakefest Beyaz Krema Dolgulu \u00c7\u0131t\u0131r Tah\u0131l Gevre\u011fi 250 gr"},"content":{"rendered":"","protected":false},"excerpt":{"rendered":"<h3>Flakefest Beyaz Krema Dolgulu \u00c7\u0131t\u0131r Tah\u0131l Gevre\u011fi 250 gr<\/h3>\n<p>Lezzetli beyaz krema dolgusu ve tam tah\u0131ll\u0131 \u00e7\u0131t\u0131r kabu\u011fu ile enfes Flakefest Beyaz Krema Dolgulu \u00c7\u0131t\u0131rlar.<\/p>\n","protected":false},"featured_media":685,"comment_status":"closed","ping_status":"closed","template":"","meta":[],"product_brand":[],"product_cat":[20],"product_tag":[98,62,60],"class_list":{"0":"post-684","1":"product","2":"type-product","3":"status-publish","4":"has-post-thumbnail","6":"product_cat-flakefest","7":"product_tag-flakefest-beyaz-krema-dolgulu-citir-tahil-gevregi","8":"product_tag-kahvaltilik-gevrek","9":"product_tag-tahil-gevregi","11":"first","12":"instock","13":"shipping-taxable","14":"product-type-simple"},"aioseo_notices":[],"_links":{"self":[{"href":"https:\/\/merkaygrup.com.tr\/en\/wp-json\/wp\/v2\/product\/684","targetHints":{"allow":["GET"]}}],"collection":[{"href":"https:\/\/merkaygrup.com.tr\/en\/wp-json\/wp\/v2\/product"}],"about":[{"href":"https:\/\/merkaygrup.com.tr\/en\/wp-json\/wp\/v2\/types\/product"}],"replies":[{"embeddable":true,"href":"https:\/\/merkaygrup.com.tr\/en\/wp-json\/wp\/v2\/comments?post=684"}],"wp:featuredmedia":[{"embeddable":true,"href":"https:\/\/merkaygrup.com.tr\/en\/wp-json\/wp\/v2\/media\/685"}],"wp:attachment":[{"href":"https:\/\/merkaygrup.com.tr\/en\/wp-json\/wp\/v2\/media?parent=684"}],"wp:term":[{"taxonomy":"product_brand","embeddable":true,"href":"https:\/\/merkaygrup.com.tr\/en\/wp-json\/wp\/v2\/product_brand?post=684"},{"taxonomy":"product_cat","embeddable":true,"href":"https:\/\/merkaygrup.com.tr\/en\/wp-json\/wp\/v2\/product_cat?post=684"},{"taxonomy":"product_tag","embeddable":true,"href":"https:\/\/merkaygrup.com.tr\/en\/wp-json\/wp\/v2\/product_tag?post=684"}],"curies":[{"name":"wp","href":"https:\/\/api.w.org\/{rel}","templated":true}]}}