{"id":668,"date":"2021-11-01T16:17:34","date_gmt":"2021-11-01T13:17:34","guid":{"rendered":"https:\/\/www.merkaygrup.com.tr\/?post_type=product&#038;p=668"},"modified":"2021-11-01T16:19:49","modified_gmt":"2021-11-01T13:19:49","slug":"unicorn-balli-misir-gevregi-500","status":"publish","type":"product","link":"https:\/\/merkaygrup.com.tr\/en\/urun\/unicorn-balli-misir-gevregi-500\/","title":{"rendered":"Unicorn Ball\u0131 M\u0131s\u0131r Gevre\u011fi 500"},"content":{"rendered":"","protected":false},"excerpt":{"rendered":"<p class=\"qtranxs-available-languages-message qtranxs-available-languages-message-en\">Leider ist der Eintrag nur auf <a href=\"https:\/\/merkaygrup.com.tr\/tr\/wp-json\/wp\/v2\/product\/668\" class=\"qtranxs-available-language-link qtranxs-available-language-link-tr\" title=\"Turkish\">Turkish<\/a> verf\u00fcgbar.<\/p>\n","protected":false},"featured_media":669,"comment_status":"closed","ping_status":"closed","template":"","meta":[],"product_brand":[],"product_cat":[21],"product_tag":[87,88,62,89],"class_list":{"0":"post-668","1":"product","2":"type-product","3":"status-publish","4":"has-post-thumbnail","6":"product_cat-unicorn","7":"product_tag-balli-misir-gevregi","8":"product_tag-gevrek-ureticisi","9":"product_tag-kahvaltilik-gevrek","10":"product_tag-kahvaltilk-gevrek-cesitleri","12":"first","13":"instock","14":"shipping-taxable","15":"product-type-simple"},"aioseo_notices":[],"_links":{"self":[{"href":"https:\/\/merkaygrup.com.tr\/en\/wp-json\/wp\/v2\/product\/668","targetHints":{"allow":["GET"]}}],"collection":[{"href":"https:\/\/merkaygrup.com.tr\/en\/wp-json\/wp\/v2\/product"}],"about":[{"href":"https:\/\/merkaygrup.com.tr\/en\/wp-json\/wp\/v2\/types\/product"}],"replies":[{"embeddable":true,"href":"https:\/\/merkaygrup.com.tr\/en\/wp-json\/wp\/v2\/comments?post=668"}],"wp:featuredmedia":[{"embeddable":true,"href":"https:\/\/merkaygrup.com.tr\/en\/wp-json\/wp\/v2\/media\/669"}],"wp:attachment":[{"href":"https:\/\/merkaygrup.com.tr\/en\/wp-json\/wp\/v2\/media?parent=668"}],"wp:term":[{"taxonomy":"product_brand","embeddable":true,"href":"https:\/\/merkaygrup.com.tr\/en\/wp-json\/wp\/v2\/product_brand?post=668"},{"taxonomy":"product_cat","embeddable":true,"href":"https:\/\/merkaygrup.com.tr\/en\/wp-json\/wp\/v2\/product_cat?post=668"},{"taxonomy":"product_tag","embeddable":true,"href":"https:\/\/merkaygrup.com.tr\/en\/wp-json\/wp\/v2\/product_tag?post=668"}],"curies":[{"name":"wp","href":"https:\/\/api.w.org\/{rel}","templated":true}]}}