{"id":627,"date":"2021-10-08T08:54:56","date_gmt":"2021-10-08T05:54:56","guid":{"rendered":"https:\/\/www.merkaygrup.com.tr\/?post_type=product&#038;p=627"},"modified":"2021-10-08T08:54:56","modified_gmt":"2021-10-08T05:54:56","slug":"unicorn-choco-flakes-cikolatali-kahvaltilik-gevrek-500-gr","status":"publish","type":"product","link":"https:\/\/merkaygrup.com.tr\/en\/urun\/unicorn-choco-flakes-cikolatali-kahvaltilik-gevrek-500-gr\/","title":{"rendered":"Unicorn Choco Flakes \u00c7ikolatal\u0131 Kahvalt\u0131l\u0131k Gevrek 500 Gr"},"content":{"rendered":"","protected":false},"excerpt":{"rendered":"<p class=\"qtranxs-available-languages-message qtranxs-available-languages-message-en\">Leider ist der Eintrag nur auf <a href=\"https:\/\/merkaygrup.com.tr\/tr\/wp-json\/wp\/v2\/product\/627\" class=\"qtranxs-available-language-link qtranxs-available-language-link-tr\" title=\"Turkish\">Turkish<\/a> verf\u00fcgbar.<\/p>\n","protected":false},"featured_media":628,"comment_status":"closed","ping_status":"closed","template":"","meta":[],"product_brand":[],"product_cat":[21],"product_tag":[63,64,26],"class_list":{"0":"post-627","1":"product","2":"type-product","3":"status-publish","4":"has-post-thumbnail","6":"product_cat-unicorn","7":"product_tag-choco-flakes","8":"product_tag-cikolatali-kahvaltilik-gevrek","9":"product_tag-unicorn","11":"first","12":"instock","13":"shipping-taxable","14":"product-type-simple"},"aioseo_notices":[],"_links":{"self":[{"href":"https:\/\/merkaygrup.com.tr\/en\/wp-json\/wp\/v2\/product\/627","targetHints":{"allow":["GET"]}}],"collection":[{"href":"https:\/\/merkaygrup.com.tr\/en\/wp-json\/wp\/v2\/product"}],"about":[{"href":"https:\/\/merkaygrup.com.tr\/en\/wp-json\/wp\/v2\/types\/product"}],"replies":[{"embeddable":true,"href":"https:\/\/merkaygrup.com.tr\/en\/wp-json\/wp\/v2\/comments?post=627"}],"wp:featuredmedia":[{"embeddable":true,"href":"https:\/\/merkaygrup.com.tr\/en\/wp-json\/wp\/v2\/media\/628"}],"wp:attachment":[{"href":"https:\/\/merkaygrup.com.tr\/en\/wp-json\/wp\/v2\/media?parent=627"}],"wp:term":[{"taxonomy":"product_brand","embeddable":true,"href":"https:\/\/merkaygrup.com.tr\/en\/wp-json\/wp\/v2\/product_brand?post=627"},{"taxonomy":"product_cat","embeddable":true,"href":"https:\/\/merkaygrup.com.tr\/en\/wp-json\/wp\/v2\/product_cat?post=627"},{"taxonomy":"product_tag","embeddable":true,"href":"https:\/\/merkaygrup.com.tr\/en\/wp-json\/wp\/v2\/product_tag?post=627"}],"curies":[{"name":"wp","href":"https:\/\/api.w.org\/{rel}","templated":true}]}}