{"id":493,"date":"2021-09-12T17:06:47","date_gmt":"2021-09-12T14:06:47","guid":{"rendered":"https:\/\/www.merkaygrup.com.tr\/?post_type=product&#038;p=493"},"modified":"2021-09-12T17:06:47","modified_gmt":"2021-09-12T14:06:47","slug":"flakefest-kakao-krema-dolgulu-citir-tahil-gevregi-250-gr","status":"publish","type":"product","link":"https:\/\/merkaygrup.com.tr\/en\/urun\/flakefest-kakao-krema-dolgulu-citir-tahil-gevregi-250-gr\/","title":{"rendered":"Flakefest Kakao Krema Dolgulu \u00c7\u0131t\u0131r Tah\u0131l Gevre\u011fi 250 gr"},"content":{"rendered":"","protected":false},"excerpt":{"rendered":"<h3>Flakefest Kakao Krema Dolgulu \u00c7\u0131t\u0131r Tah\u0131l Gevre\u011fi<\/h3>\n<p>Flakefest kakao krema dolgulu \u00e7\u0131t\u0131r tah\u0131l gevre\u011fi 250 gr Lezzetli kakao krema dolgusu ve tam tah\u0131ll\u0131 \u00e7\u0131t\u0131r kabu\u011fu ile enfes Flakefest kakao krema dolgulu \u00e7\u0131t\u0131rlar.<\/p>\n","protected":false},"featured_media":494,"comment_status":"closed","ping_status":"closed","template":"","meta":[],"product_brand":[],"product_cat":[20],"product_tag":[44,45,46,43],"class_list":{"0":"post-493","1":"product","2":"type-product","3":"status-publish","4":"has-post-thumbnail","6":"product_cat-flakefest","7":"product_tag-citir-tahil-gevregi","8":"product_tag-flakefest-citir-tahil-gevregi","9":"product_tag-flakefest-kakao-krema-dolgulu-citir","10":"product_tag-kakao-krema-dolgulu","12":"first","13":"instock","14":"shipping-taxable","15":"product-type-simple"},"aioseo_notices":[],"_links":{"self":[{"href":"https:\/\/merkaygrup.com.tr\/en\/wp-json\/wp\/v2\/product\/493","targetHints":{"allow":["GET"]}}],"collection":[{"href":"https:\/\/merkaygrup.com.tr\/en\/wp-json\/wp\/v2\/product"}],"about":[{"href":"https:\/\/merkaygrup.com.tr\/en\/wp-json\/wp\/v2\/types\/product"}],"replies":[{"embeddable":true,"href":"https:\/\/merkaygrup.com.tr\/en\/wp-json\/wp\/v2\/comments?post=493"}],"wp:featuredmedia":[{"embeddable":true,"href":"https:\/\/merkaygrup.com.tr\/en\/wp-json\/wp\/v2\/media\/494"}],"wp:attachment":[{"href":"https:\/\/merkaygrup.com.tr\/en\/wp-json\/wp\/v2\/media?parent=493"}],"wp:term":[{"taxonomy":"product_brand","embeddable":true,"href":"https:\/\/merkaygrup.com.tr\/en\/wp-json\/wp\/v2\/product_brand?post=493"},{"taxonomy":"product_cat","embeddable":true,"href":"https:\/\/merkaygrup.com.tr\/en\/wp-json\/wp\/v2\/product_cat?post=493"},{"taxonomy":"product_tag","embeddable":true,"href":"https:\/\/merkaygrup.com.tr\/en\/wp-json\/wp\/v2\/product_tag?post=493"}],"curies":[{"name":"wp","href":"https:\/\/api.w.org\/{rel}","templated":true}]}}