{"id":491,"date":"2021-09-12T17:03:04","date_gmt":"2021-09-12T14:03:04","guid":{"rendered":"https:\/\/www.merkaygrup.com.tr\/?post_type=product&#038;p=491"},"modified":"2021-09-12T17:03:04","modified_gmt":"2021-09-12T14:03:04","slug":"aller-bebe-glutensiz-pirinc-ve-keciboynuzlu-kraker-100-g","status":"publish","type":"product","link":"https:\/\/merkaygrup.com.tr\/en\/urun\/aller-bebe-glutensiz-pirinc-ve-keciboynuzlu-kraker-100-g\/","title":{"rendered":"Aller Bebe Glutensiz Pirin\u00e7 ve Ke\u00e7iboynuzlu Kraker 100 g"},"content":{"rendered":"","protected":false},"excerpt":{"rendered":"<h3>Allerbebe Glutensiz Pirin\u00e7 Ve Ke\u00e7iboynuzlu Kraker<\/h3>\n<p>Allerbebe Glutensiz Bebek Krakeri 100 Gr. Form\u00fclasyon i\u00e7eri\u011fiyle T\u00fcrkiye&#8217;de ilk ve tek yerli \u00fcretim, Vitamin ve Mineral Destekli Allerbebe Kraker Allerbebe Glutensiz Bebek Krakeri<\/p>\n<p><strong>\u0130\u00e7indekiler:<\/strong> Tah\u0131l kar\u0131\u015f\u0131m\u0131(Pirin\u00e7 unu %34), M\u0131s\u0131r unu, M\u0131s\u0131r ni\u015fastas\u0131, Toz \u015feker, Nohut unu, Ke\u00e7iboynuzu unu(%3,5), Guar gum, Zeytin ya\u011f\u0131, Ay\u00e7i\u00e7ek lesitini, Kalsiyum, D vitamini Enerji ve Besin \u00d6\u011feleri 100 G.<\/p>\n<p><em><strong>Allerbebe Pirin\u00e7li Ke\u00e7iboynuzlu Bebek Krakeri<\/strong><\/em><\/p>\n<p><strong>Enerji<\/strong> 1552 KJ \/ 371 Kcal<br \/>\n<strong>Ya\u011f<\/strong> 3,4 G\/ 0,5 G.<br \/>\n<strong>Karbonhidrat<\/strong> \/ \u015eeker 79,8G.<br \/>\n<strong>Lif<\/strong> 7,3 G.<br \/>\n<strong>Protein<\/strong> 7,0 G.<br \/>\n<strong>Tuz<\/strong> 0,1 G.<br \/>\n<strong>Vitamin<\/strong> D 2,5 ug (%50)<br \/>\n<strong>Kalsiyum<\/strong> 240 Mg (%30)<\/p>\n","protected":false},"featured_media":492,"comment_status":"closed","ping_status":"closed","template":"","meta":[],"product_brand":[],"product_cat":[23],"product_tag":[38,42,41,40],"class_list":{"0":"post-491","1":"product","2":"type-product","3":"status-publish","4":"has-post-thumbnail","6":"product_cat-allerbebe","7":"product_tag-allerbebe","8":"product_tag-allerbebe-kraker","9":"product_tag-glutensiz-bebek-krakeri","10":"product_tag-glutensiz-pirinc-ve-keciboynuzlu-kraker","12":"first","13":"instock","14":"shipping-taxable","15":"product-type-simple"},"aioseo_notices":[],"_links":{"self":[{"href":"https:\/\/merkaygrup.com.tr\/en\/wp-json\/wp\/v2\/product\/491","targetHints":{"allow":["GET"]}}],"collection":[{"href":"https:\/\/merkaygrup.com.tr\/en\/wp-json\/wp\/v2\/product"}],"about":[{"href":"https:\/\/merkaygrup.com.tr\/en\/wp-json\/wp\/v2\/types\/product"}],"replies":[{"embeddable":true,"href":"https:\/\/merkaygrup.com.tr\/en\/wp-json\/wp\/v2\/comments?post=491"}],"wp:featuredmedia":[{"embeddable":true,"href":"https:\/\/merkaygrup.com.tr\/en\/wp-json\/wp\/v2\/media\/492"}],"wp:attachment":[{"href":"https:\/\/merkaygrup.com.tr\/en\/wp-json\/wp\/v2\/media?parent=491"}],"wp:term":[{"taxonomy":"product_brand","embeddable":true,"href":"https:\/\/merkaygrup.com.tr\/en\/wp-json\/wp\/v2\/product_brand?post=491"},{"taxonomy":"product_cat","embeddable":true,"href":"https:\/\/merkaygrup.com.tr\/en\/wp-json\/wp\/v2\/product_cat?post=491"},{"taxonomy":"product_tag","embeddable":true,"href":"https:\/\/merkaygrup.com.tr\/en\/wp-json\/wp\/v2\/product_tag?post=491"}],"curies":[{"name":"wp","href":"https:\/\/api.w.org\/{rel}","templated":true}]}}