{"id":489,"date":"2021-09-12T16:58:13","date_gmt":"2021-09-12T13:58:13","guid":{"rendered":"https:\/\/www.merkaygrup.com.tr\/?post_type=product&#038;p=489"},"modified":"2021-09-12T16:58:13","modified_gmt":"2021-09-12T13:58:13","slug":"aller-bebe-kraker-tam-tahilli-dutlu-ek-gida-90-gr","status":"publish","type":"product","link":"https:\/\/merkaygrup.com.tr\/en\/urun\/aller-bebe-kraker-tam-tahilli-dutlu-ek-gida-90-gr\/","title":{"rendered":"Aller Bebe Kraker Tam Tah\u0131ll\u0131 Dutlu Ek G\u0131da 90 Gr"},"content":{"rendered":"","protected":false},"excerpt":{"rendered":"<h3>Allerbebe Kraker Tam Tah\u0131ll\u0131 Dutlu Ek G\u0131da<\/h3>\n<p>Aller Bebe Bebek Krakeri Tah\u0131l Bazl\u0131 Ek G\u0131da 90 G. (Tam Tah\u0131ll\u0131 Dutlu) Kalsiyum ve Vitamin D ile zenginle\u015ftirilmi\u015ftir.<\/p>\n<p>\u015eeker ilavesizdir. Yumurta Proteini i\u00e7ermez, Soya Proteini \u0130\u00e7ermez, S\u00fct Proteini \u0130\u00e7ermez<\/p>\n<p><strong>Alerjen Uyar\u0131s\u0131 : Gluten \u0130\u00e7erir<\/strong><\/p>\n<p>Kullan\u0131m\u0131:<\/p>\n<p>Tam tah\u0131ll\u0131 dutlu Aller bebe bebek krakeri do\u011frudan ya da meyve suyu ve \u00e7orba ile kar\u0131\u015ft\u0131r\u0131larak bebe\u011finize ve \u00e7ocuklar\u0131n\u0131za yedirebilirsiniz.<\/p>\n<p><strong>\u0130\u00e7indekiler:<\/strong> M\u0131s\u0131r Unu (%37) , tam bu\u011fday unu (%25), pirin\u00e7 unu, patates unu, bezelye unu, nohut unu, dut tozu (%2.2), kalsiyum karbonat, kolekalsiferol Renk ve Koruyucu \u0130\u00e7ermez. Enerji ve Besin \u00d6\u011feleri 100 g<\/p>\n<p><strong>Enerjikj\/Kcal<\/strong> 1456 \/348<br \/>\n<strong>Ya\u011f \/ Doymu\u015f Ya\u011f<\/strong> g 2,5\/0,4<br \/>\n<strong>Karbonhidrat\/\u015eeker<\/strong> g 75,8 \/5,3<br \/>\n<strong>Lif<\/strong> g 8,7<br \/>\n<strong>Protein<\/strong> g 9,9<br \/>\n<strong>Tuz<\/strong> g 0,1<br \/>\n<strong>Vitamin<\/strong> D ug 2,5<br \/>\n<strong>Kalsiyum<\/strong> ug 240<\/p>\n","protected":false},"featured_media":490,"comment_status":"closed","ping_status":"closed","template":"","meta":[],"product_brand":[],"product_cat":[23],"product_tag":[37,35,38,39,36],"class_list":{"0":"post-489","1":"product","2":"type-product","3":"status-publish","4":"has-post-thumbnail","6":"product_cat-allerbebe","7":"product_tag-aller-bebe-kraker","8":"product_tag-aller-bebe-kraker-tam-tahilli-dutlu","9":"product_tag-allerbebe","10":"product_tag-bebek-krakeri","11":"product_tag-ek-gida","13":"first","14":"instock","15":"shipping-taxable","16":"product-type-simple"},"aioseo_notices":[],"_links":{"self":[{"href":"https:\/\/merkaygrup.com.tr\/en\/wp-json\/wp\/v2\/product\/489","targetHints":{"allow":["GET"]}}],"collection":[{"href":"https:\/\/merkaygrup.com.tr\/en\/wp-json\/wp\/v2\/product"}],"about":[{"href":"https:\/\/merkaygrup.com.tr\/en\/wp-json\/wp\/v2\/types\/product"}],"replies":[{"embeddable":true,"href":"https:\/\/merkaygrup.com.tr\/en\/wp-json\/wp\/v2\/comments?post=489"}],"wp:featuredmedia":[{"embeddable":true,"href":"https:\/\/merkaygrup.com.tr\/en\/wp-json\/wp\/v2\/media\/490"}],"wp:attachment":[{"href":"https:\/\/merkaygrup.com.tr\/en\/wp-json\/wp\/v2\/media?parent=489"}],"wp:term":[{"taxonomy":"product_brand","embeddable":true,"href":"https:\/\/merkaygrup.com.tr\/en\/wp-json\/wp\/v2\/product_brand?post=489"},{"taxonomy":"product_cat","embeddable":true,"href":"https:\/\/merkaygrup.com.tr\/en\/wp-json\/wp\/v2\/product_cat?post=489"},{"taxonomy":"product_tag","embeddable":true,"href":"https:\/\/merkaygrup.com.tr\/en\/wp-json\/wp\/v2\/product_tag?post=489"}],"curies":[{"name":"wp","href":"https:\/\/api.w.org\/{rel}","templated":true}]}}