{"id":487,"date":"2021-09-12T16:52:44","date_gmt":"2021-09-12T13:52:44","guid":{"rendered":"https:\/\/www.merkaygrup.com.tr\/?post_type=product&#038;p=487"},"modified":"2021-11-01T15:02:53","modified_gmt":"2021-11-01T12:02:53","slug":"flakefest-kakaolu-tahil-toplar-yeni-40gr","status":"publish","type":"product","link":"https:\/\/merkaygrup.com.tr\/en\/urun\/flakefest-kakaolu-tahil-toplar-yeni-40gr\/","title":{"rendered":"Flakefest Kakaolu Tah\u0131l Toplar Yeni 40gr"},"content":{"rendered":"","protected":false},"excerpt":{"rendered":"<h3>Flakefest Kakaolu Tah\u0131l Toplar<\/h3>\n<p>Flakefest kakaolu tah\u0131l toplar yeni 40gr Flakefest yeni tam tah\u0131ll\u0131 nefis kakao toplar\u0131. S\u00fctle veya direk direkt at\u0131\u015ft\u0131rmal\u0131k olarak.<\/p>\n","protected":false},"featured_media":644,"comment_status":"closed","ping_status":"closed","template":"","meta":[],"product_brand":[],"product_cat":[20],"product_tag":[28,32,33,34],"class_list":{"0":"post-487","1":"product","2":"type-product","3":"status-publish","4":"has-post-thumbnail","6":"product_cat-flakefest","7":"product_tag-flakefest","8":"product_tag-flakefest-kakaolu-tahil-toplar","9":"product_tag-kakaolu-toplar","10":"product_tag-tahilli-toplar","12":"first","13":"instock","14":"shipping-taxable","15":"product-type-simple"},"aioseo_notices":[],"_links":{"self":[{"href":"https:\/\/merkaygrup.com.tr\/en\/wp-json\/wp\/v2\/product\/487","targetHints":{"allow":["GET"]}}],"collection":[{"href":"https:\/\/merkaygrup.com.tr\/en\/wp-json\/wp\/v2\/product"}],"about":[{"href":"https:\/\/merkaygrup.com.tr\/en\/wp-json\/wp\/v2\/types\/product"}],"replies":[{"embeddable":true,"href":"https:\/\/merkaygrup.com.tr\/en\/wp-json\/wp\/v2\/comments?post=487"}],"wp:featuredmedia":[{"embeddable":true,"href":"https:\/\/merkaygrup.com.tr\/en\/wp-json\/wp\/v2\/media\/644"}],"wp:attachment":[{"href":"https:\/\/merkaygrup.com.tr\/en\/wp-json\/wp\/v2\/media?parent=487"}],"wp:term":[{"taxonomy":"product_brand","embeddable":true,"href":"https:\/\/merkaygrup.com.tr\/en\/wp-json\/wp\/v2\/product_brand?post=487"},{"taxonomy":"product_cat","embeddable":true,"href":"https:\/\/merkaygrup.com.tr\/en\/wp-json\/wp\/v2\/product_cat?post=487"},{"taxonomy":"product_tag","embeddable":true,"href":"https:\/\/merkaygrup.com.tr\/en\/wp-json\/wp\/v2\/product_tag?post=487"}],"curies":[{"name":"wp","href":"https:\/\/api.w.org\/{rel}","templated":true}]}}