{"id":485,"date":"2021-09-12T16:49:17","date_gmt":"2021-09-12T13:49:17","guid":{"rendered":"https:\/\/www.merkaygrup.com.tr\/?post_type=product&#038;p=485"},"modified":"2021-11-01T15:04:40","modified_gmt":"2021-11-01T12:04:40","slug":"flakefest-tam-tahilli-meyveli-musli-yeni-80-gr","status":"publish","type":"product","link":"https:\/\/merkaygrup.com.tr\/en\/urun\/flakefest-tam-tahilli-meyveli-musli-yeni-80-gr\/","title":{"rendered":"Flakefest Tam Tah\u0131ll\u0131 Meyveli M\u00fcsli Yeni 80 gr"},"content":{"rendered":"","protected":false},"excerpt":{"rendered":"<h3>Flakefest Tam Tah\u0131ll\u0131 Meyveli M\u00fcsli<\/h3>\n<p>Flakefest Tam Tah\u0131ll\u0131 Meyveli M\u00fcsli Yeni 80 gr Flakefest yeni tam tah\u0131ll\u0131 enfes meyveli m\u00fcsli.. S\u00fctle veya direk at\u0131\u015ft\u0131rmal\u0131k olarak..<\/p>\n","protected":false},"featured_media":645,"comment_status":"closed","ping_status":"closed","template":"","meta":[],"product_brand":[],"product_cat":[20],"product_tag":[28,31,30,29],"class_list":{"0":"post-485","1":"product","2":"type-product","3":"status-publish","4":"has-post-thumbnail","6":"product_cat-flakefest","7":"product_tag-flakefest","8":"product_tag-flakefest-meyveli-musli","9":"product_tag-meyveli-musli","10":"product_tag-tam-tahilli-meyveli-musli","12":"first","13":"instock","14":"shipping-taxable","15":"product-type-simple"},"aioseo_notices":[],"_links":{"self":[{"href":"https:\/\/merkaygrup.com.tr\/en\/wp-json\/wp\/v2\/product\/485","targetHints":{"allow":["GET"]}}],"collection":[{"href":"https:\/\/merkaygrup.com.tr\/en\/wp-json\/wp\/v2\/product"}],"about":[{"href":"https:\/\/merkaygrup.com.tr\/en\/wp-json\/wp\/v2\/types\/product"}],"replies":[{"embeddable":true,"href":"https:\/\/merkaygrup.com.tr\/en\/wp-json\/wp\/v2\/comments?post=485"}],"wp:featuredmedia":[{"embeddable":true,"href":"https:\/\/merkaygrup.com.tr\/en\/wp-json\/wp\/v2\/media\/645"}],"wp:attachment":[{"href":"https:\/\/merkaygrup.com.tr\/en\/wp-json\/wp\/v2\/media?parent=485"}],"wp:term":[{"taxonomy":"product_brand","embeddable":true,"href":"https:\/\/merkaygrup.com.tr\/en\/wp-json\/wp\/v2\/product_brand?post=485"},{"taxonomy":"product_cat","embeddable":true,"href":"https:\/\/merkaygrup.com.tr\/en\/wp-json\/wp\/v2\/product_cat?post=485"},{"taxonomy":"product_tag","embeddable":true,"href":"https:\/\/merkaygrup.com.tr\/en\/wp-json\/wp\/v2\/product_tag?post=485"}],"curies":[{"name":"wp","href":"https:\/\/api.w.org\/{rel}","templated":true}]}}