{"id":482,"date":"2021-09-12T16:22:17","date_gmt":"2021-09-12T13:22:17","guid":{"rendered":"https:\/\/www.merkaygrup.com.tr\/?post_type=product&#038;p=482"},"modified":"2021-09-12T16:31:37","modified_gmt":"2021-09-12T13:31:37","slug":"unicorn-cikolatali-musli-1-kg","status":"publish","type":"product","link":"https:\/\/merkaygrup.com.tr\/en\/urun\/unicorn-cikolatali-musli-1-kg\/","title":{"rendered":"Unicorn \u00c7ikolatal\u0131 M\u00fcsli 1 Kg"},"content":{"rendered":"<p>Unicorn \u00c7ikolatal\u0131 M\u00fcsli 1 Kg Meyve, kuruyemi\u015f, ve \u00e7ikolata par\u00e7alar\u0131n\u0131n m\u00fckemmel uyumundan olu\u015fmu\u015f UNICORN \u00c7ikolatal\u0131 M\u00fcsli.. S\u00fct ve yo\u011furtla ile t\u00fcketildi\u011finde sa\u011fl\u0131kl\u0131 ve lezzetli \u00f6\u011f\u00fcnler sizi bekliyor.<\/p>\n","protected":false},"excerpt":{"rendered":"<h3>Unicorn \u00c7ikolatal\u0131 M\u00fcsli<\/h3>\n<p>Unicorn \u00c7ikolatal\u0131 M\u00fcsli 1 Kg Meyve, kuruyemi\u015f, ve \u00e7ikolata par\u00e7alar\u0131n\u0131n m\u00fckemmel uyumundan olu\u015fmu\u015f UNICORN \u00c7ikolatal\u0131 M\u00fcsli.. S\u00fct ve yo\u011furtla ile t\u00fcketildi\u011finde sa\u011fl\u0131kl\u0131 ve lezzetli \u00f6\u011f\u00fcnler sizi bekliyor.<\/p>\n<p><strong>\u0130\u00c7\u0130NDEK\u0130LER<\/strong><\/p>\n<p>Beyaz bu\u011fday ezmesi, Esmer bu\u011fday ezmesi, Yulaf ezmesi, Arpa ezmesi, \u00c7avdar ezmesi, Kakaolu pirin\u00e7 patla\u011f\u0131 ( <em>pirin\u00e7 unu, m\u0131s\u0131r unu, toz \u015feker, <strong>peynir alt\u0131 suyu tozu<\/strong>, kakao<\/em> ), S\u00fctl\u00fc kokolin damla \u00e7ikolata, \u015eeker, Tam hidrojenize bitkisel ya\u011f, Ya\u011fs\u0131z s\u00fct tozu, Ya\u011f\u0131 azalt\u0131lm\u0131\u015f kakao tozu, Peynir alt\u0131 suyu tozu, Em\u00fclgat\u00f6r ( ay\u00e7i\u00e7e\u011fi lesitini), Vanilya<\/p>\n<p><strong><em>Gluten ve Laktoz i\u00e7erir.\u00a0<\/em><\/strong><\/p>\n","protected":false},"featured_media":483,"comment_status":"closed","ping_status":"closed","template":"","meta":[],"product_brand":[],"product_cat":[21],"product_tag":[27,26,25],"class_list":{"0":"post-482","1":"product","2":"type-product","3":"status-publish","4":"has-post-thumbnail","6":"product_cat-unicorn","7":"product_tag-cikolatali-musli","8":"product_tag-unicorn","9":"product_tag-unicorn-cikolatali-musli","11":"first","12":"instock","13":"shipping-taxable","14":"product-type-simple"},"aioseo_notices":[],"_links":{"self":[{"href":"https:\/\/merkaygrup.com.tr\/en\/wp-json\/wp\/v2\/product\/482","targetHints":{"allow":["GET"]}}],"collection":[{"href":"https:\/\/merkaygrup.com.tr\/en\/wp-json\/wp\/v2\/product"}],"about":[{"href":"https:\/\/merkaygrup.com.tr\/en\/wp-json\/wp\/v2\/types\/product"}],"replies":[{"embeddable":true,"href":"https:\/\/merkaygrup.com.tr\/en\/wp-json\/wp\/v2\/comments?post=482"}],"wp:featuredmedia":[{"embeddable":true,"href":"https:\/\/merkaygrup.com.tr\/en\/wp-json\/wp\/v2\/media\/483"}],"wp:attachment":[{"href":"https:\/\/merkaygrup.com.tr\/en\/wp-json\/wp\/v2\/media?parent=482"}],"wp:term":[{"taxonomy":"product_brand","embeddable":true,"href":"https:\/\/merkaygrup.com.tr\/en\/wp-json\/wp\/v2\/product_brand?post=482"},{"taxonomy":"product_cat","embeddable":true,"href":"https:\/\/merkaygrup.com.tr\/en\/wp-json\/wp\/v2\/product_cat?post=482"},{"taxonomy":"product_tag","embeddable":true,"href":"https:\/\/merkaygrup.com.tr\/en\/wp-json\/wp\/v2\/product_tag?post=482"}],"curies":[{"name":"wp","href":"https:\/\/api.w.org\/{rel}","templated":true}]}}