{"id":8,"date":"2015-10-25T21:19:59","date_gmt":"2015-10-25T19:19:59","guid":{"rendered":"http:\/\/www.merkaygrup.com.tr\/yeni\/?page_id=8"},"modified":"2025-08-28T21:47:29","modified_gmt":"2025-08-28T18:47:29","slug":"kurumsal","status":"publish","type":"page","link":"https:\/\/merkaygrup.com.tr\/en\/kurumsal\/","title":{"rendered":"Corporate"},"content":{"rendered":"<p>[vc_row][vc_column][vc_column_text woodmart_inline=&#8221;no&#8221; text_larger=&#8221;no&#8221;]T\u00fcketicilerin s\u00fcrekli geli\u015fen, de\u011fi\u015fen beklentilerini kar\u015f\u0131lamak, en y\u00fcksek kalite normlar\u0131na uygun \u00fcr\u00fcnler \u00fcretmek misyonuyla yola \u00e7\u0131kan Merkay Grup G\u0131da 2011 y\u0131l\u0131nda Ankara\u2019da kuruldu.<br \/>\nYenilik\u00e7i g\u00fcc\u00fc ve kadrosuyla t\u00fcketiciyi \u201chem sa\u011fl\u0131kl\u0131 hem de enfes\u201d \u00fcr\u00fcnlerle bulu\u015fturmay\u0131 hedefleyen Merkay Grup G\u0131da 7500m2\u2019lik kapal\u0131 alana sahip \u00fcretim tesisinde faaliyet g\u00f6stermektedir.<\/p>\n<h3>Politikam\u0131z<\/h3>\n<p>\u015eirketimiz; kaliteli \u00fcretim, hizmet ve s\u00fcrekli m\u00fc\u015fteri memnuniyetini temel ilke olarak benimsemi\u015ftir. Bu ilke do\u011frultusunda; tecr\u00fcbeli \u00fcretim ve hizmet kadrosu ile g\u0131da g\u00fcvenli\u011fini s\u00fcrekli k\u0131lacak bir yakla\u015f\u0131m benimseyerek hijyenik ortamda \u00fcr\u00fcnler \u00fcretmeyi, gerek \u00fcr\u00fcn gerekse hizmet kalitesi olarak sekt\u00f6r\u00fcnde sayg\u0131n bir firma olmay\u0131 kendisine ama\u00e7 edinmi\u015ftir.<\/p>\n<p>Y\u00fcr\u00fcrl\u00fckteki mevzuat ve yasal \u015fartlara en \u00fcst d\u00fczeyde uymak, kaliteli, g\u00fcvenilir ve m\u00fc\u015fteri \u015fartlar\u0131n\u0131 kar\u015f\u0131layan \u00fcr\u00fcnler \u00fcretmek; kalite y\u00f6netim sistemini s\u00fcrekli iyile\u015ftirerek belirlemi\u015f oldu\u011fumuz hedeflerimiz do\u011frultusunda, ISO 9001:2015 kalite y\u00f6netim sistemini, ISO 22000:2018 g\u0131da g\u00fcvenli\u011fi y\u00f6netim sistemini, ISO 14001:2015 \u00c7YS ve ISO 45001:2018 \u0130SG ile ilgili t\u00fcm ge\u00e7erli standartlar\u0131 benimseyip etkin bir \u015fekilde <strong>MERKAY GRUP GIDA\u2019<\/strong> da uygulamalar\u0131n\u0131 sa\u011flamak kalite,isg ve g\u0131da g\u00fcvenli\u011fi politikam\u0131zd\u0131r. Bu ama\u00e7la <strong>MERKAY GRUP GIDA<\/strong> \u00fcst y\u00f6netimi;<\/p>\n<ul>\n<li>\u00c7al\u0131\u015fanlar\u0131m\u0131z\u0131 g\u00fcvenli ve kaliteli g\u0131da \u00fcretimi konusunda ve hijyen ve sanitasyon konusunda e\u011fitmek,<\/li>\n<li>5996 say\u0131l\u0131 VETER\u0130NER H\u0130ZMETLER\u0130, B\u0130TK\u0130 SA\u011eLI\u011eI, GIDA VE YEM KANUNU ve bu kanunun uygulama \u015feklini g\u00f6steren VETER\u0130NER H\u0130ZMETLER\u0130, B\u0130TK\u0130 SA\u011eLI\u011eI, GIDA VE YEM KANUNU Y\u00f6netmeli\u011fi kapsam\u0131nda belirlenen sa\u011fl\u0131k ve teknik ko\u015fullarda beyan ve tescillerindeki niteliklerine uygun olarak \u00fcretilmelerini sa\u011flamak.<\/li>\n<li>G\u0131da g\u00fcvenli\u011finde s\u00fcrekli iyile\u015ftirmeler yaparak yasal \u015fartlara uygun olarak etkin ve yeterli g\u0131da denetimi sa\u011flayan kontrol sistemlerinin geli\u015ftirilmesi \u00e7al\u0131\u015fmalar\u0131 s\u00fcrekli hale getirmek,<\/li>\n<li>\u00dcr\u00fcn ya da hizmet ger\u00e7ekle\u015ftirme s\u0131ras\u0131nda ortaya \u00e7\u0131kacak tehlikelerden korunmak i\u00e7in \u00f6nleyici bir yakla\u015f\u0131m\u0131 benimsemek ve ilgili taraflar\u0131n sa\u011fl\u0131\u011f\u0131n\u0131 ve g\u00fcvenli\u011fini sa\u011flayacak \u00e7al\u0131\u015fma ko\u015fullar\u0131n\u0131 ve tedbirlerini almak,<\/li>\n<li>Kalite, i\u015f sa\u011fl\u0131\u011f\u0131, HACCP ve \u00e7evre y\u00f6netim sistemlerinin uygulanmas\u0131n\u0131n neler kazand\u0131raca\u011f\u0131 bilincini firmada olu\u015fturmak,<\/li>\n<li>\u00c7evreye duyarl\u0131 bir yakla\u015f\u0131m belirleyerek, kirlili\u011fi kayna\u011f\u0131nda \u00f6nleyerek, do\u011fal kaynaklar\u0131n verimli kullan\u0131lmas\u0131n\u0131 sa\u011flamak,<\/li>\n<li>M\u00fc\u015fteri beklentilerini de g\u00f6z \u00f6n\u00fcnde tutup en \u00fcst d\u00fczeyde\u00a0 fayda sa\u011flamak \u00fczere g\u00fcvenli ve kaliteli \u00fcretim yapmak,<\/li>\n<li>T\u00fcm \u00e7al\u0131\u015fanlar\u0131m\u0131z, \u00e7al\u0131\u015fan temsilcilerimiz, tedarik\u00e7ilerimiz, i\u00e7 ve d\u0131\u015f m\u00fc\u015fterilerimiz ile s\u0131f\u0131r i\u015f kazas\u0131n\u0131 benimseyerek, yasal mevzuat ve \u0130SG \u015eartlar\u0131na uyarak t\u00fcm \u00e7al\u0131\u015fma alanlar\u0131nda ortama, ki\u015fiye ve toplu korunmaya y\u00f6nelik tedbirleri alarak t\u00fcm payda\u015flar\u0131m\u0131zla i\u015f sa\u011fl\u0131\u011f\u0131 ve g\u00fcvenli\u011fi e\u011fitimlerini alm\u0131\u015f donan\u0131ml\u0131 etkin yetkin personeli ile tehlikeleri kayna\u011f\u0131nda \u00f6nleyen riskleri bertaraf eden proaktif yakla\u015f\u0131mla insan sa\u011fl\u0131\u011f\u0131n\u0131 koruyup ekip ruhu i\u00e7inde s\u00fcrekli iyile\u015ftirmeler yaparak olas\u0131 riskleri minimize ederek \u00e7al\u0131\u015fmay\u0131 taahh\u00fct etmek,<\/li>\n<li>S\u00fcrekli geli\u015ferek g\u0131da, \u00e7evre ve i\u015f\u00e7i sa\u011fl\u0131\u011f\u0131 ve i\u015f g\u00fcvenli\u011fi ile ilgili yasal \u015fartlara uymay\u0131 garanti alt\u0131na alm\u0131\u015ft\u0131r.<\/li>\n<\/ul>\n<h3>Vizyonumuz<\/h3>\n<p>Faaliyet alan\u0131m\u0131zda lider g\u0131da \u015firketi olmakt\u0131r.<\/p>\n<h3>Misyonumuz<\/h3>\n<p>G\u0131da sekt\u00f6r\u00fcnde t\u00fcketicilere yenilik\u00e7i, g\u00fczel ve sa\u011fl\u0131kl\u0131 \u00fcr\u00fcnler sunarak m\u00fc\u015fteri memnuniyetini en \u00fcst d\u00fczeyde tutan, verimlili\u011fini s\u00fcrekli artt\u0131rarak hem ulusal hem de uluslararas\u0131 alanda faaliyet g\u00f6steren bir g\u0131da firmas\u0131 olmakt\u0131r.<\/p>\n<h3>Sertifikalar\u0131m\u0131z<\/h3>\n<p>[\/vc_column_text][\/vc_column][\/vc_row][vc_row][vc_column]\t\t<div id=\"gallery_937\" class=\"wd-images-gallery wd-justify-center wd-items-middle view-grid photoswipe-images\" >\n\t\t\t<div class=\"gallery-images row wd-spacing-6\">\n\t\t\t\t\t\t\t\t\t\t\t\t\t\t\t<div class=\"wd-gallery-item col-lg-20_0 col-md-3 col-sm-4 col-6\">\n\t\t\t\t\t\t\t\t\t\t\t\t\t\t<a href=\"https:\/\/merkaygrup.com.tr\/wp-content\/uploads\/2023\/01\/ISO-9001-KALITE-YONETIM-BELGE-TURKCE-scaled.jpg\" data-elementor-open-lightbox=\"no\" data-index=\"1\" data-width=\"1860\" data-height=\"2560\"  >\n\t\t\t\t\t\t\t\t\t\t\t\t\t\t\t\t\n\t\t\t\t\t\t\t\t\t\t\t\t\t\t\t\t\t<img loading=\"lazy\" decoding=\"async\" width=\"218\" height=\"300\" src=\"https:\/\/merkaygrup.com.tr\/wp-content\/uploads\/2023\/01\/ISO-9001-KALITE-YONETIM-BELGE-TURKCE-218x300.jpg\" class=\"wd-gallery-image image-1 attachment-medium\" alt=\"\" srcset=\"https:\/\/merkaygrup.com.tr\/wp-content\/uploads\/2023\/01\/ISO-9001-KALITE-YONETIM-BELGE-TURKCE-218x300.jpg 218w, https:\/\/merkaygrup.com.tr\/wp-content\/uploads\/2023\/01\/ISO-9001-KALITE-YONETIM-BELGE-TURKCE-744x1024.jpg 744w, https:\/\/merkaygrup.com.tr\/wp-content\/uploads\/2023\/01\/ISO-9001-KALITE-YONETIM-BELGE-TURKCE-768x1057.jpg 768w, https:\/\/merkaygrup.com.tr\/wp-content\/uploads\/2023\/01\/ISO-9001-KALITE-YONETIM-BELGE-TURKCE-1116x1536.jpg 1116w, https:\/\/merkaygrup.com.tr\/wp-content\/uploads\/2023\/01\/ISO-9001-KALITE-YONETIM-BELGE-TURKCE-1488x2048.jpg 1488w, https:\/\/merkaygrup.com.tr\/wp-content\/uploads\/2023\/01\/ISO-9001-KALITE-YONETIM-BELGE-TURKCE-600x826.jpg 600w, https:\/\/merkaygrup.com.tr\/wp-content\/uploads\/2023\/01\/ISO-9001-KALITE-YONETIM-BELGE-TURKCE-150x206.jpg 150w, https:\/\/merkaygrup.com.tr\/wp-content\/uploads\/2023\/01\/ISO-9001-KALITE-YONETIM-BELGE-TURKCE-scaled.jpg 1860w\" sizes=\"auto, (max-width: 218px) 100vw, 218px\" \/>\t\t\t\t\t\t\t\t\t\t\t\t\t\t\t\t\n\t\t\t\t\t\t\t\t\n\t\t\t\t\t\t\t\t\t\t\t\t\t\t\t<\/a>\n\t\t\t\t\t\t\t\t\t\t\t\t<\/div>\n\t\t\t\t\t\t\t\t\t\t\t<div class=\"wd-gallery-item col-lg-20_0 col-md-3 col-sm-4 col-6\">\n\t\t\t\t\t\t\t\t\t\t\t\t\t\t<a href=\"https:\/\/merkaygrup.com.tr\/wp-content\/uploads\/2023\/01\/ISO-22000-GIDA-GUVENLIGI-BELGE-TURKCE-scaled.jpg\" data-elementor-open-lightbox=\"no\" data-index=\"2\" data-width=\"1860\" data-height=\"2560\"  >\n\t\t\t\t\t\t\t\t\t\t\t\t\t\t\t\t\n\t\t\t\t\t\t\t\t\t\t\t\t\t\t\t\t\t<img loading=\"lazy\" decoding=\"async\" width=\"218\" height=\"300\" src=\"https:\/\/merkaygrup.com.tr\/wp-content\/uploads\/2023\/01\/ISO-22000-GIDA-GUVENLIGI-BELGE-TURKCE-218x300.jpg\" class=\"wd-gallery-image image-2 attachment-medium\" alt=\"\" srcset=\"https:\/\/merkaygrup.com.tr\/wp-content\/uploads\/2023\/01\/ISO-22000-GIDA-GUVENLIGI-BELGE-TURKCE-218x300.jpg 218w, https:\/\/merkaygrup.com.tr\/wp-content\/uploads\/2023\/01\/ISO-22000-GIDA-GUVENLIGI-BELGE-TURKCE-744x1024.jpg 744w, https:\/\/merkaygrup.com.tr\/wp-content\/uploads\/2023\/01\/ISO-22000-GIDA-GUVENLIGI-BELGE-TURKCE-768x1057.jpg 768w, https:\/\/merkaygrup.com.tr\/wp-content\/uploads\/2023\/01\/ISO-22000-GIDA-GUVENLIGI-BELGE-TURKCE-1116x1536.jpg 1116w, https:\/\/merkaygrup.com.tr\/wp-content\/uploads\/2023\/01\/ISO-22000-GIDA-GUVENLIGI-BELGE-TURKCE-1488x2048.jpg 1488w, https:\/\/merkaygrup.com.tr\/wp-content\/uploads\/2023\/01\/ISO-22000-GIDA-GUVENLIGI-BELGE-TURKCE-600x826.jpg 600w, https:\/\/merkaygrup.com.tr\/wp-content\/uploads\/2023\/01\/ISO-22000-GIDA-GUVENLIGI-BELGE-TURKCE-150x206.jpg 150w, https:\/\/merkaygrup.com.tr\/wp-content\/uploads\/2023\/01\/ISO-22000-GIDA-GUVENLIGI-BELGE-TURKCE-scaled.jpg 1860w\" sizes=\"auto, (max-width: 218px) 100vw, 218px\" \/>\t\t\t\t\t\t\t\t\t\t\t\t\t\t\t\t\n\t\t\t\t\t\t\t\t\n\t\t\t\t\t\t\t\t\t\t\t\t\t\t\t<\/a>\n\t\t\t\t\t\t\t\t\t\t\t\t<\/div>\n\t\t\t\t\t\t\t\t\t\t\t<div class=\"wd-gallery-item col-lg-20_0 col-md-3 col-sm-4 col-6\">\n\t\t\t\t\t\t\t\t\t\t\t\t\t\t<a href=\"https:\/\/merkaygrup.com.tr\/wp-content\/uploads\/2023\/01\/isletme-kayit-belgesi-scaled.jpg\" data-elementor-open-lightbox=\"no\" data-index=\"3\" data-width=\"1860\" data-height=\"2560\"  >\n\t\t\t\t\t\t\t\t\t\t\t\t\t\t\t\t\n\t\t\t\t\t\t\t\t\t\t\t\t\t\t\t\t\t<img loading=\"lazy\" decoding=\"async\" width=\"218\" height=\"300\" src=\"https:\/\/merkaygrup.com.tr\/wp-content\/uploads\/2023\/01\/isletme-kayit-belgesi-218x300.jpg\" class=\"wd-gallery-image image-3 attachment-medium\" alt=\"\" srcset=\"https:\/\/merkaygrup.com.tr\/wp-content\/uploads\/2023\/01\/isletme-kayit-belgesi-218x300.jpg 218w, https:\/\/merkaygrup.com.tr\/wp-content\/uploads\/2023\/01\/isletme-kayit-belgesi-744x1024.jpg 744w, https:\/\/merkaygrup.com.tr\/wp-content\/uploads\/2023\/01\/isletme-kayit-belgesi-768x1057.jpg 768w, https:\/\/merkaygrup.com.tr\/wp-content\/uploads\/2023\/01\/isletme-kayit-belgesi-1116x1536.jpg 1116w, https:\/\/merkaygrup.com.tr\/wp-content\/uploads\/2023\/01\/isletme-kayit-belgesi-1488x2048.jpg 1488w, https:\/\/merkaygrup.com.tr\/wp-content\/uploads\/2023\/01\/isletme-kayit-belgesi-600x826.jpg 600w, https:\/\/merkaygrup.com.tr\/wp-content\/uploads\/2023\/01\/isletme-kayit-belgesi-150x206.jpg 150w, https:\/\/merkaygrup.com.tr\/wp-content\/uploads\/2023\/01\/isletme-kayit-belgesi-scaled.jpg 1860w\" sizes=\"auto, (max-width: 218px) 100vw, 218px\" \/>\t\t\t\t\t\t\t\t\t\t\t\t\t\t\t\t\n\t\t\t\t\t\t\t\t\n\t\t\t\t\t\t\t\t\t\t\t\t\t\t\t<\/a>\n\t\t\t\t\t\t\t\t\t\t\t\t<\/div>\n\t\t\t\t\t\t\t\t\t\t\t<div class=\"wd-gallery-item col-lg-20_0 col-md-3 col-sm-4 col-6\">\n\t\t\t\t\t\t\t\t\t\t\t\t\t\t<a href=\"https:\/\/merkaygrup.com.tr\/wp-content\/uploads\/2023\/01\/KYS-SERTIFIKASI-ISO-45001-scaled.jpg\" data-elementor-open-lightbox=\"no\" data-index=\"4\" data-width=\"1860\" data-height=\"2560\"  >\n\t\t\t\t\t\t\t\t\t\t\t\t\t\t\t\t\n\t\t\t\t\t\t\t\t\t\t\t\t\t\t\t\t\t<img loading=\"lazy\" decoding=\"async\" width=\"218\" height=\"300\" src=\"https:\/\/merkaygrup.com.tr\/wp-content\/uploads\/2023\/01\/KYS-SERTIFIKASI-ISO-45001-218x300.jpg\" class=\"wd-gallery-image image-4 attachment-medium\" alt=\"\" srcset=\"https:\/\/merkaygrup.com.tr\/wp-content\/uploads\/2023\/01\/KYS-SERTIFIKASI-ISO-45001-218x300.jpg 218w, https:\/\/merkaygrup.com.tr\/wp-content\/uploads\/2023\/01\/KYS-SERTIFIKASI-ISO-45001-744x1024.jpg 744w, https:\/\/merkaygrup.com.tr\/wp-content\/uploads\/2023\/01\/KYS-SERTIFIKASI-ISO-45001-768x1057.jpg 768w, https:\/\/merkaygrup.com.tr\/wp-content\/uploads\/2023\/01\/KYS-SERTIFIKASI-ISO-45001-1116x1536.jpg 1116w, https:\/\/merkaygrup.com.tr\/wp-content\/uploads\/2023\/01\/KYS-SERTIFIKASI-ISO-45001-1488x2048.jpg 1488w, https:\/\/merkaygrup.com.tr\/wp-content\/uploads\/2023\/01\/KYS-SERTIFIKASI-ISO-45001-600x826.jpg 600w, https:\/\/merkaygrup.com.tr\/wp-content\/uploads\/2023\/01\/KYS-SERTIFIKASI-ISO-45001-150x206.jpg 150w, https:\/\/merkaygrup.com.tr\/wp-content\/uploads\/2023\/01\/KYS-SERTIFIKASI-ISO-45001-scaled.jpg 1860w\" sizes=\"auto, (max-width: 218px) 100vw, 218px\" \/>\t\t\t\t\t\t\t\t\t\t\t\t\t\t\t\t\n\t\t\t\t\t\t\t\t\n\t\t\t\t\t\t\t\t\t\t\t\t\t\t\t<\/a>\n\t\t\t\t\t\t\t\t\t\t\t\t<\/div>\n\t\t\t\t\t\t\t\t\t\t\t<div class=\"wd-gallery-item col-lg-20_0 col-md-3 col-sm-4 col-6\">\n\t\t\t\t\t\t\t\t\t\t\t\t\t\t<a href=\"https:\/\/merkaygrup.com.tr\/wp-content\/uploads\/2023\/01\/TR-OT-42-MSI-2184-2022-003-MERKAY-1-scaled.jpg\" data-elementor-open-lightbox=\"no\" data-index=\"5\" data-width=\"909\" data-height=\"2560\"  >\n\t\t\t\t\t\t\t\t\t\t\t\t\t\t\t\t\n\t\t\t\t\t\t\t\t\t\t\t\t\t\t\t\t\t<img loading=\"lazy\" decoding=\"async\" width=\"107\" height=\"300\" src=\"https:\/\/merkaygrup.com.tr\/wp-content\/uploads\/2023\/01\/TR-OT-42-MSI-2184-2022-003-MERKAY-1-107x300.jpg\" class=\"wd-gallery-image image-5 attachment-medium\" alt=\"\" srcset=\"https:\/\/merkaygrup.com.tr\/wp-content\/uploads\/2023\/01\/TR-OT-42-MSI-2184-2022-003-MERKAY-1-107x300.jpg 107w, https:\/\/merkaygrup.com.tr\/wp-content\/uploads\/2023\/01\/TR-OT-42-MSI-2184-2022-003-MERKAY-1-364x1024.jpg 364w, https:\/\/merkaygrup.com.tr\/wp-content\/uploads\/2023\/01\/TR-OT-42-MSI-2184-2022-003-MERKAY-1-768x2162.jpg 768w, https:\/\/merkaygrup.com.tr\/wp-content\/uploads\/2023\/01\/TR-OT-42-MSI-2184-2022-003-MERKAY-1-546x1536.jpg 546w, https:\/\/merkaygrup.com.tr\/wp-content\/uploads\/2023\/01\/TR-OT-42-MSI-2184-2022-003-MERKAY-1-727x2048.jpg 727w, https:\/\/merkaygrup.com.tr\/wp-content\/uploads\/2023\/01\/TR-OT-42-MSI-2184-2022-003-MERKAY-1-600x1689.jpg 600w, https:\/\/merkaygrup.com.tr\/wp-content\/uploads\/2023\/01\/TR-OT-42-MSI-2184-2022-003-MERKAY-1-150x422.jpg 150w, https:\/\/merkaygrup.com.tr\/wp-content\/uploads\/2023\/01\/TR-OT-42-MSI-2184-2022-003-MERKAY-1-scaled.jpg 909w\" sizes=\"auto, (max-width: 107px) 100vw, 107px\" \/>\t\t\t\t\t\t\t\t\t\t\t\t\t\t\t\t\n\t\t\t\t\t\t\t\t\n\t\t\t\t\t\t\t\t\t\t\t\t\t\t\t<\/a>\n\t\t\t\t\t\t\t\t\t\t\t\t<\/div>\n\t\t\t\t\t\t\t\t\t\t\t\t<\/div>\n\t\t<\/div>\n\t\t\t\t[\/vc_column][\/vc_row]<\/p>\n","protected":false},"excerpt":{"rendered":"<p>[vc_row][vc_column][vc_column_text woodmart_inline=&#8221;no&#8221; text_larger=&#8221;no&#8221;]T\u00fcketicilerin s\u00fcrekli geli\u015fen, de\u011fi\u015fen beklentilerini kar\u015f\u0131lamak, en y\u00fcksek kalite normlar\u0131na uygun \u00fcr\u00fcnler \u00fcretmek misyonuyla yola \u00e7\u0131kan Merkay Grup<\/p>\n","protected":false},"author":1,"featured_media":0,"parent":0,"menu_order":0,"comment_status":"closed","ping_status":"closed","template":"","meta":{"footnotes":""},"class_list":["post-8","page","type-page","status-publish","hentry"],"aioseo_notices":[],"_links":{"self":[{"href":"https:\/\/merkaygrup.com.tr\/en\/wp-json\/wp\/v2\/pages\/8","targetHints":{"allow":["GET"]}}],"collection":[{"href":"https:\/\/merkaygrup.com.tr\/en\/wp-json\/wp\/v2\/pages"}],"about":[{"href":"https:\/\/merkaygrup.com.tr\/en\/wp-json\/wp\/v2\/types\/page"}],"author":[{"embeddable":true,"href":"https:\/\/merkaygrup.com.tr\/en\/wp-json\/wp\/v2\/users\/1"}],"replies":[{"embeddable":true,"href":"https:\/\/merkaygrup.com.tr\/en\/wp-json\/wp\/v2\/comments?post=8"}],"version-history":[{"count":3,"href":"https:\/\/merkaygrup.com.tr\/en\/wp-json\/wp\/v2\/pages\/8\/revisions"}],"predecessor-version":[{"id":715,"href":"https:\/\/merkaygrup.com.tr\/en\/wp-json\/wp\/v2\/pages\/8\/revisions\/715"}],"wp:attachment":[{"href":"https:\/\/merkaygrup.com.tr\/en\/wp-json\/wp\/v2\/media?parent=8"}],"curies":[{"name":"wp","href":"https:\/\/api.w.org\/{rel}","templated":true}]}}