{"id":17,"date":"2015-10-25T22:02:56","date_gmt":"2015-10-25T20:02:56","guid":{"rendered":"http:\/\/www.merkaygrup.com.tr\/yeni\/?page_id=17"},"modified":"2021-09-30T10:08:26","modified_gmt":"2021-09-30T07:08:26","slug":"iletisim","status":"publish","type":"page","link":"https:\/\/merkaygrup.com.tr\/en\/iletisim\/","title":{"rendered":"Contact"},"content":{"rendered":"<p><b>Adres :<\/b> Bah\u00e7ekap\u0131 Mah. 2465. Sok. No:3 \u015ea\u015fmaz \/ Etimesgut \/ ANKARA \/ T\u00dcRK\u0130YE <b><br \/>\nTelefon :<\/b> +90 312 278 39 52 <b><br \/>\nFax :<\/b> +90 312 278 39 56 <b><br \/>\nE-posta :<\/b> <img loading=\"lazy\" decoding=\"async\" class=\"alignnone\" src=\"https:\/\/www.merkaygrup.com.tr\/wp-content\/uploads\/mail.png\" alt=\"\" width=\"139\" height=\"19\" border=\"0\" \/><\/p>\n<p><iframe loading=\"lazy\" style=\"border: 0;\" src=\"https:\/\/www.google.com\/maps\/embed?pb=!1m18!1m12!1m3!1d3054.21927260731!2d32.70489088183008!3d39.939721070124556!2m3!1f0!2f0!3f0!3m2!1i1024!2i768!4f13.1!3m3!1m2!1s0x14d337faa1a4d03b%3A0xed7a5ac274355bc9!2zMjQ2NS4gU2suIE5vOjcsIEJhaMOnZWthcMSxLCAwNjc5NyBFdGltZXNndXQvQW5rYXJhLCBUw7xya2l5ZQ!5e0!3m2!1str!2s!4v1448465889296\" width=\"990\" height=\"450\" frameborder=\"0\" allowfullscreen=\"allowfullscreen\"><\/iframe><\/p>\n","protected":false},"excerpt":{"rendered":"<p>Adres : Bah\u00e7ekap\u0131 Mah. 2465. Sok. No:3 \u015ea\u015fmaz \/ Etimesgut \/ ANKARA \/ T\u00dcRK\u0130YE Telefon : +90 312 278 39<\/p>\n","protected":false},"author":1,"featured_media":0,"parent":0,"menu_order":0,"comment_status":"closed","ping_status":"closed","template":"","meta":{"footnotes":""},"class_list":["post-17","page","type-page","status-publish","hentry"],"aioseo_notices":[],"_links":{"self":[{"href":"https:\/\/merkaygrup.com.tr\/en\/wp-json\/wp\/v2\/pages\/17","targetHints":{"allow":["GET"]}}],"collection":[{"href":"https:\/\/merkaygrup.com.tr\/en\/wp-json\/wp\/v2\/pages"}],"about":[{"href":"https:\/\/merkaygrup.com.tr\/en\/wp-json\/wp\/v2\/types\/page"}],"author":[{"embeddable":true,"href":"https:\/\/merkaygrup.com.tr\/en\/wp-json\/wp\/v2\/users\/1"}],"replies":[{"embeddable":true,"href":"https:\/\/merkaygrup.com.tr\/en\/wp-json\/wp\/v2\/comments?post=17"}],"version-history":[{"count":1,"href":"https:\/\/merkaygrup.com.tr\/en\/wp-json\/wp\/v2\/pages\/17\/revisions"}],"predecessor-version":[{"id":612,"href":"https:\/\/merkaygrup.com.tr\/en\/wp-json\/wp\/v2\/pages\/17\/revisions\/612"}],"wp:attachment":[{"href":"https:\/\/merkaygrup.com.tr\/en\/wp-json\/wp\/v2\/media?parent=17"}],"curies":[{"name":"wp","href":"https:\/\/api.w.org\/{rel}","templated":true}]}}